{"id":9958,"date":"2020-03-31T08:59:52","date_gmt":"2020-03-31T06:59:52","guid":{"rendered":"https:\/\/ispacetest.nl\/privacy-statement-kwo-verhuur\/"},"modified":"2020-05-05T09:26:29","modified_gmt":"2020-05-05T07:26:29","slug":"datenschutzerklaerung","status":"publish","type":"page","link":"https:\/\/kwo-villa.com\/de\/datenschutzerklaerung\/","title":{"rendered":"Datenschutzerkl\u00e4rung"},"content":{"rendered":"<p>KWO-Vermietung fragt um Ihre pers\u00f6nlichen Daten um Ihre Reservierungen und Zahlungen \u00fcber unser Unternehmen zu verwalten und um sicherzustellen, dass Sie den bestm\u00f6glichen Service erhalten. Wir verwenden Ihre pers\u00f6nlichen Daten auch, um Sie zu kontaktieren zu k\u00f6nnen und Sie \u00fcber Sonderangebote und andere Produkte und Dienstleistungen auf dem Laufenden zu halten, von denen wir glauben, dass diese f\u00fcr Sie von Interesse sind. KWO-Vermietung speichert Ihre Daten nur f\u00fcr eine begrenzte Zeit, und nur um Ihnen die oben genannten Dienstleistungen anbieten zu k\u00f6nnen.<\/p>\n<p>KWO-Vermietung verkauft Ihre Daten nicht an Dritte und stellt sie nur zur Verf\u00fcgung, wenn dies zur Ausf\u00fchrung unseres Vertrages oder zur Einhaltung einer gesetzlichen Verpflichtung erforderlich ist. Wir schlie\u00dfen eine Verarbeitungsvereinbarung mit Unternehmen ab, die Ihre Daten in unserem Namen verarbeiten, um das gleiche Ma\u00df an Sicherheit und Vertraulichkeit Ihrer Daten zu gew\u00e4hrleisten.<\/p>\n<p>KWO-Vermietung nimmt den Schutz Ihrer Daten ernst und ergreift geeignete Ma\u00dfnahmen, um Missbrauch, Verlust, unbefugten Zugriff, unerw\u00fcnschte Offenlegung und unbefugte \u00c4nderung zu verhindern. Wenn Sie den Eindruck haben, dass Ihre Daten nicht ordnungsgem\u00e4\u00df gesichert sind. Oder Hinweise auf Missbrauch vorliegen, kontaktieren Sie uns bitte (siehe unten in diesem Text).<\/p>\n<h3>Cookies<\/h3>\n<h4>Was ist ein Cookie?<\/h4>\n<p>Wij maken op deze website gebruik van cookies. Een cookie is een eenvoudig klein bestandje dat met pagina\u2019s van deze website wordt meegestuurd en door uw browser op uw harde schrijf van uw computer wordt opgeslagen. De daarin opgeslagen informatie kan bij een volgend bezoek weer naar onze servers teruggestuurd worden.\u201d<\/p>\n<h4>Gebruik van permanente cookies<\/h4>\n<p>Wir verwenden Cookies auf dieser Website. Ein Cookie ist eine einfache kleine Datei, die zusammen mit den Seiten dieser Website gesendet wird und von Ihrem Browser auf der Festplatte Ihres Computers gespeichert wird. Die darin gespeicherten Informationen k\u00f6nnen bei einem sp\u00e4teren Besuch an unsere Server zur\u00fcckgesendet werden.<\/p>\n<h4>Verwendung von dauerhaften Cookies<\/h4>\n<p>Mithilfe eines permanenten Cookies k\u00f6nnen wir Sie erkennen, wenn Sie unsere Website erneut besuchen. Dadurch wird die Website schneller. Auch wenn Sie die Erlaubnis zum Platzieren von Cookies erteilt  haben, k\u00f6nnen wir uns dies mittels eines Cookies merken. Diese bedeutet, dass Sie Ihre Einstellungen nicht st\u00e4ndig wiederholen m\u00fcssen, was Ihnen Zeit spart und die Nutzung unserer Website erleichtert. Sie k\u00f6nnen permanente Cookies \u00fcber die Einstellungen Ihres Browsers entfernen.<\/p>\n<h4>Verwendung von Sitzungscookies<\/h4>\n<p>Mithilfe eines Sitzungscookies k\u00f6nnen wir sehen, welche Teile der Website Sie w\u00e4hrend dieses Besuchs angesehen haben. Daher k\u00f6nnen wir unseren Service so weit wie m\u00f6glich an das Surfverhalten unserer Besucher anpassen. Diese Cookies werden automatisch gel\u00f6scht, wenn Sie Ihren Webbrowser schlie\u00dfen.<\/p>\n<h3>Google Analytics<\/h3>\n<p>Ein Cookie der amerikanischen Firma Google wird im Rahmen des \u201cAnalytics\u201d-Dienstes \u00fcber unsere Website platziert. Wir verwenden diesen Service, um zu verfolgen und Berichte dar\u00fcber zu erhalten, wie Besucher die Website nutzen. Google kann diese Informationen an Dritte weitergeben, wenn Google gesetzlich dazu verpflichtet ist, oder wenn Dritte die Informationen im Auftrag von Google verarbeiten. Darauf haben wir keinen Einfluss. Wir haben Google nicht gestattet, die erhaltenen Analyseinformationen f\u00fcr andere Google-Dienste zu verwenden.<\/p>\n<p>Die von Google gesammelten Informationen werden so weit wie m\u00f6glich anonymisiert. Ihre IP-Adresse wird ausdr\u00fccklich nicht angegeben. Die Informationen werden an Google in den USA \u00fcbertragen und dort gespeichert. Google h\u00e4lt sich an die Privacy Shield-Grunds\u00e4tze und ist dem Privacy Shield-Programm des US-Handelsministeriums angeschlossen. Dies bedeutet, dass ein angemessenes Schutzniveau f\u00fcr die Verarbeitung eventueller pers\u00f6nlicher Daten besteht.<\/p>\n<h4>Cookies aktivieren und deaktivieren und l\u00f6schen<\/h4>\n<p>Weitere Informationen zum Aktivieren, Deaktivieren und L\u00f6schen von Cookies finden Sie in den Anweisungen und \/ oder in der Hilfefunktion Ihres Browsers.<\/p>\n<h3>Kontaktinformationen<\/h3>\n<p>Klingt alles ziemlich aufregend? Nicht n\u00f6tig! Diese Website sammelt nur anonyme Informationen, und was gesammelt wird, wird nur verwendet um die Website so gut und schnell wie m\u00f6glich auf Ihrem Bildschirm anzuzeigen. Haben Sie noch Fragen? Nehmen Sie Kontakt mit uns auf:<\/p>\n<p>verhuur@kwo-v.com<\/p>\n<p>Team KWO-Vermietung<\/p>\n","protected":false},"excerpt":{"rendered":"KWO-Vermietung fragt um Ihre pers\u00f6nlichen Daten um Ihre Reservierungen und Zahlungen \u00fcber unser Unternehmen zu verwalten und um sicherzustellen, dass Sie den bestm\u00f6glichen Service erhalten. Wir verwenden Ihre pers\u00f6nlichen Daten auch, um Sie zu kontaktieren zu k\u00f6nnen und Sie \u00fcber Sonderangebote und andere Produkte und Dienstleistungen auf dem Laufenden zu halten, von denen wir glauben,&#8230; <a href=\"https:\/\/kwo-villa.com\/de\/datenschutzerklaerung\/\" class=\"readmore\">Read More<\/a>","protected":false},"author":2,"featured_media":0,"parent":0,"menu_order":0,"comment_status":"closed","ping_status":"closed","template":"","meta":{"_acf_changed":false,"_seopress_robots_primary_cat":"","_seopress_titles_title":"","_seopress_titles_desc":"","_seopress_robots_index":"","footnotes":""},"class_list":["post-9958","page","type-page","status-publish","hentry"],"acf":[],"_links":{"self":[{"href":"https:\/\/kwo-villa.com\/de\/wp-json\/wp\/v2\/pages\/9958","targetHints":{"allow":["GET"]}}],"collection":[{"href":"https:\/\/kwo-villa.com\/de\/wp-json\/wp\/v2\/pages"}],"about":[{"href":"https:\/\/kwo-villa.com\/de\/wp-json\/wp\/v2\/types\/page"}],"author":[{"embeddable":true,"href":"https:\/\/kwo-villa.com\/de\/wp-json\/wp\/v2\/users\/2"}],"replies":[{"embeddable":true,"href":"https:\/\/kwo-villa.com\/de\/wp-json\/wp\/v2\/comments?post=9958"}],"version-history":[{"count":4,"href":"https:\/\/kwo-villa.com\/de\/wp-json\/wp\/v2\/pages\/9958\/revisions"}],"predecessor-version":[{"id":10524,"href":"https:\/\/kwo-villa.com\/de\/wp-json\/wp\/v2\/pages\/9958\/revisions\/10524"}],"wp:attachment":[{"href":"https:\/\/kwo-villa.com\/de\/wp-json\/wp\/v2\/media?parent=9958"}],"curies":[{"name":"wp","href":"https:\/\/api.w.org\/{rel}","templated":true}]}}