{"id":1139,"date":"2015-06-23T12:59:02","date_gmt":"2015-06-23T10:59:02","guid":{"rendered":"http:\/\/kwo-villa.com\/about-kwo-2\/"},"modified":"2020-04-02T16:17:08","modified_gmt":"2020-04-02T14:17:08","slug":"ueber-kwo","status":"publish","type":"page","link":"https:\/\/kwo-villa.com\/de\/ueber-kwo\/","title":{"rendered":"\u00dcber KWO"},"content":{"rendered":"<div class=\"su-column su-column-size-1-2 colL\"><div class=\"su-column-inner su-u-clearfix su-u-trim\">\nKWO is a concept by Koopwoningen Oostenrijk.<br \/>\nHet concept bestaat uit:<\/p>\n<ul>\n<li>het product, de KWO-villa<\/li>\n<li>het begeleidingssysteem, het KWO-systeem<\/li>\n<\/ul>\n<p><\/p>\n<h2>The product, the KWO-villa<\/h2>\n<p>De KWO-villa is een villa van betaalbare luxe voor eigenaar en huurder.<br \/>\nDe KWO-villa is specifiek ontworpen om te voldoen aan de optimale wensen die u kunt hebben voor een vakantiewoning.<br \/>\n<br \/>\nDe KWO-villa\u2019s bestaan uit 2 types:<\/p>\n<ul>\n<li>De geschakelde KWO-villa  2onder1kap, vanaf 70 m2, voor 1 tot 8 personen.<\/li>\n<li>De vrijstaande KWO-villa double, vanaf 120 m2, voor 1 tot 14 personen.<\/li>\n<\/ul>\n<p>\nAlle KWO-villa\u2019s<\/p>\n<ul>\n<li>liggen op een locatie dichtbij activiteiten, wellness en cultuur<\/li>\n<li>liggen in een all-season vakantie omgeving<\/li>\n<li>zijn over de rails, door de lucht en over de weg goed te bereiken<\/li>\n<li>zijn optimaal gericht op de zon<\/li>\n<li>hebben een uitzicht op de prachtig bergen<\/li>\n<li>Hebben een ruime tuin<\/li>\n<li>een buitenterras met tuinmeubilair<\/li>\n<li>een balkon<\/li>\n<li>veel ramen<\/li>\n<li>een woonkamer met openslaande deuren<\/li>\n<li>Luxe keuken<\/li>\n<li>een zit- en eethoek<\/li>\n<li>Luxe badkamer(s)<\/li>\n<li>Luxe bedden<\/li>\n<li>t.v<\/li>\n<li>Een carport<\/li>\n<li>een berging<\/li>\n<\/ul>\n<p>\n<\/div><\/div>\n<div class=\"su-column su-column-size-1-2 colR\"><div class=\"su-column-inner su-u-clearfix su-u-trim\">\nDe villa-eigenaren hebben de KWO-villa\u2019s naar hun eigen smaak ingericht en gekozen voor verschillende extra toevoegingen zoals: extra slaapkamer(s), extra woonkamer, extra douche\/bad, openhaard, hot-tube, sauna, barbecue, internet, Nederlandse kanalen op t.v., ect.<br \/>\n<\/p>\n<h2>Het begeleidingssysteem, het KWO-systeem<\/h2>\n<p>het KWO-systeem is een begeleidingssysteem dat bestaat uit 4 elementen:<br \/>\nkoop, bouw, service, verhuur.<br \/>\nDe begeleidingssysteem heeft als doel u te ontzorgen en te begeleiden.<\/p>\n<ul>\n<li>Elk element heeft een eigen website met verschillende faciliteiten waar de KWO-klanten exclusief gebruik van kunt maken.<\/li>\n<li>Elk element heeft een eigen team van gespecialiseerde gekwalificeerde medewerkers.<\/li>\n<\/ul>\n<p>\nWilt u?<\/p>\n<ul>\n<li>Gratis op vakantie <\/li>\n<li>Vakanties zonder te boeken<\/li>\n<li>Verdienen met uw eigen KWO-vakantievilla<\/li>\n<li>Vermogen gunstig doorgeven aan uw kinderen<\/li>\n<li>Wonen op de ideale vakantieplek<\/li>\n<\/ul>\n<p>Word dan ook eigenaar van een KWO-villa.<br \/>\n<br \/>\nU vindt alle informatie over de KWO-villa en het KWO-systeem op <a href=\"http:\/\/www.koopwoningenoostenrijk.nl\" target=\"_blank\" title=\"visit KWO website\" rel=\"noopener noreferrer\">KoopwoningenOostenrijk.nl<\/a><br \/>\n<\/div><\/div>\n<h3 class=\"tiles-head\">Themen\u00fcbersicht<\/h3>\n<ul class=\"tiles\">\n<li class =\"tile-vil\"><a href=\"\/de\/alle-unterkuenfte\/\" class=\"overlay\"><span><i class=\"fa fa-key\"><\/i><\/span><br \/>\n<h2>Villa reservieren<\/h2>\n<p><\/a><\/li>\n<li class =\"tile-res\"><a href=\"\/de\/ferienorte\/\" class=\"overlay\"><span><i class=\"fa fa-home\"><\/i><\/span><br \/>\n<h2>Ferienorte<\/h2>\n<p><\/a><\/li>\n<li class =\"tile-dor\"><a href=\"\/de\/orte\/\" class=\"overlay\"><span><i class=\"fa fa-map-marker\"><\/i><\/span><br \/>\n<h2>Orte<\/h2>\n<p><\/a><\/li>\n<li class =\"tile-act\"><a href=\"\/de\/aktivitaeten\/\" class=\"overlay\"><span><i class=\"fa fa-bicycle\"><\/i><\/span><br \/>\n<h2>Aktivit\u00e4ten<\/h2>\n<p><\/a><\/li>\n<li class =\"tile-fac\"><a href=\"\/de\/einrichtungen\/\" class=\"overlay\"><span><i class=\"fa fa-shopping-cart\"><\/i><\/span><br \/>\n<h2>Einrichtungen<\/h2>\n<p><\/a><\/li>\n<li class =\"tile-kin\"><a href=\"\/de\/kinder\/\" class=\"overlay\"><span><i class=\"fa fa-child\"><\/i><\/span><br \/>\n<h2>Kinder<\/h2>\n<p><\/a><\/li>\n<li class =\"tile-kar\"><a href=\"\/de\/kaernten\/\" class=\"overlay\"><span><i class=\"fa fa-picture-o\"><\/i><\/span><br \/>\n<h2>K\u00e4rnten<\/h2>\n<p><\/a><\/li>\n<li class =\"tile-wee\"><a href=\"\/de\/wetter-webcams\/\" class=\"overlay\"><span><i class=\"fa fa-sun-o\"><\/i><\/span><br \/>\n<h2>Wetter &amp; Webcams<\/h2>\n<p><\/a><\/li>\n<li class =\"tile-web current\"><a href=\"\/de\/ueber-kwo\/\" class=\"overlay\"><span><i class=\"fa fa-building-o\"\"><\/i><\/span><br \/>\n<h4>Sie befinden sich auf dieser Seite<\/h4>\n<h2>\u00dcber KWO<\/h2>\n<p><\/a><\/li>\n<\/ul>\n","protected":false},"excerpt":{"rendered":"Themen\u00fcbersicht Villa reservieren Ferienorte Orte Aktivit\u00e4ten Einrichtungen Kinder K\u00e4rnten Wetter &amp; Webcams","protected":false},"author":2,"featured_media":0,"parent":0,"menu_order":0,"comment_status":"open","ping_status":"open","template":"","meta":{"_acf_changed":false,"_seopress_robots_primary_cat":"","_seopress_titles_title":"","_seopress_titles_desc":"","_seopress_robots_index":"yes","footnotes":""},"class_list":["post-1139","page","type-page","status-publish","hentry"],"acf":[],"_links":{"self":[{"href":"https:\/\/kwo-villa.com\/de\/wp-json\/wp\/v2\/pages\/1139","targetHints":{"allow":["GET"]}}],"collection":[{"href":"https:\/\/kwo-villa.com\/de\/wp-json\/wp\/v2\/pages"}],"about":[{"href":"https:\/\/kwo-villa.com\/de\/wp-json\/wp\/v2\/types\/page"}],"author":[{"embeddable":true,"href":"https:\/\/kwo-villa.com\/de\/wp-json\/wp\/v2\/users\/2"}],"replies":[{"embeddable":true,"href":"https:\/\/kwo-villa.com\/de\/wp-json\/wp\/v2\/comments?post=1139"}],"version-history":[{"count":10,"href":"https:\/\/kwo-villa.com\/de\/wp-json\/wp\/v2\/pages\/1139\/revisions"}],"predecessor-version":[{"id":10135,"href":"https:\/\/kwo-villa.com\/de\/wp-json\/wp\/v2\/pages\/1139\/revisions\/10135"}],"wp:attachment":[{"href":"https:\/\/kwo-villa.com\/de\/wp-json\/wp\/v2\/media?parent=1139"}],"curies":[{"name":"wp","href":"https:\/\/api.w.org\/{rel}","templated":true}]}}